{"id":1681,"date":"2020-06-18T11:42:49","date_gmt":"2020-06-18T11:42:49","guid":{"rendered":"https:\/\/elsecom.com\/portal\/?page_id=1681"},"modified":"2024-03-26T12:06:25","modified_gmt":"2024-03-26T12:06:25","slug":"venezcheznous","status":"publish","type":"page","link":"https:\/\/elsecom.com\/portal\/venezcheznous\/","title":{"rendered":"Venez chez nous"},"content":{"rendered":"<p>[et_pb_section fb_built=\u00a0\u00bb1&Prime; _builder_version=\u00a0\u00bb4.16&Prime; global_colors_info=\u00a0\u00bb{}\u00a0\u00bb][et_pb_row _builder_version=\u00a0\u00bb4.16&Prime; global_colors_info=\u00a0\u00bb{}\u00a0\u00bb][et_pb_column type=\u00a0\u00bb4_4&Prime; _builder_version=\u00a0\u00bb4.16&Prime; custom_padding=\u00a0\u00bb|||\u00a0\u00bb global_colors_info=\u00a0\u00bb{}\u00a0\u00bb custom_padding__hover=\u00a0\u00bb|||\u00a0\u00bb][et_pb_text _builder_version=\u00a0\u00bb4.17.4&Prime; text_font=\u00a0\u00bb||||||||\u00a0\u00bb header_font=\u00a0\u00bb||||||||\u00a0\u00bb animation_style=\u00a0\u00bbroll\u00a0\u00bb text_text_shadow_style=\u00a0\u00bbpreset5&Prime; global_colors_info=\u00a0\u00bb{}\u00a0\u00bb]<\/p>\n<p style=\"text-align: center;\"><strong>Vous \u00eates les bienvenus dans nos locaux, nous sommes pr\u00e9sents \u00e0 BAB EZZOUAR et DAR EL BEIDA, ou \u00e0 travers notre r\u00e9seau d&rsquo;agents agr\u00e9\u00e9s.<\/strong><\/p>\n<p style=\"text-align: center;\"><strong>Vous pouvez arriver facilement sur nos diff\u00e9rents sites en un simple clic et en vous laissant guider par le GPS<\/strong><\/p>\n<p style=\"text-align: center;\"><strong>\u00a0<\/strong><\/p>\n<p><strong><\/strong><\/p>\n<p>[\/et_pb_text][\/et_pb_column][\/et_pb_row][et_pb_row column_structure=\u00a0\u00bb1_3,1_3,1_3&Prime; _builder_version=\u00a0\u00bb4.17.4&Prime; _module_preset=\u00a0\u00bbdefault\u00a0\u00bb global_colors_info=\u00a0\u00bb{}\u00a0\u00bb][et_pb_column type=\u00a0\u00bb1_3&Prime; _builder_version=\u00a0\u00bb4.17.4&Prime; _module_preset=\u00a0\u00bbdefault\u00a0\u00bb global_colors_info=\u00a0\u00bb{}\u00a0\u00bb][et_pb_text admin_label=\u00a0\u00bbTexte\u00a0\u00bb _builder_version=\u00a0\u00bb4.24.2&Prime; text_font=\u00a0\u00bb||||||||\u00a0\u00bb text_text_color=\u00a0\u00bb#7cda24&Prime; link_option_url=\u00a0\u00bbhttps:\/\/www.google.com\/maps\/place\/ELSECOM+SPA\/@36.7296851,3.1771393,16.25z\/data=!4m5!3m4!1s0x128e51f9ecfc3fa7:0x3dc2b49b745b0aa5!8m2!3d36.7299944!4d3.1821881&Prime; link_option_url_new_window=\u00a0\u00bbon\u00a0\u00bb text_text_shadow_style=\u00a0\u00bbpreset5&Prime; global_colors_info=\u00a0\u00bb{}\u00a0\u00bb]<\/p>\n<p style=\"text-align: center;\"><strong><a href=\"https:\/\/www.google.com\/maps\/place\/ELSECOM+SPA\/@36.7296851,3.1771393,16.25z\/data=!4m5!3m4!1s0x128e51f9ecfc3fa7:0x3dc2b49b745b0aa5!8m2!3d36.7299944!4d3.1821881\">Si\u00e8ge social &#8211; Centrale d&rsquo;achat &#8211; BAB EZZOUAR<\/a><br \/><\/strong><\/p>\n<p>[\/et_pb_text][et_pb_image src=\u00a0\u00bbhttps:\/\/elsecom.com\/portal\/wp-content\/uploads\/2019\/02\/Siege-ELSECOM-2.jpg\u00a0\u00bb url=\u00a0\u00bbhttps:\/\/www.google.com\/maps\/search\/ELSECOM+SPA\/@36.7305388,3.1805864,17z\/data=!3m1!4b1&Prime; url_new_window=\u00a0\u00bbon\u00a0\u00bb align=\u00a0\u00bbcenter\u00a0\u00bb align_tablet=\u00a0\u00bbcenter\u00a0\u00bb align_phone=\u00a0\u00bb\u00a0\u00bb align_last_edited=\u00a0\u00bbon|desktop\u00a0\u00bb admin_label=\u00a0\u00bbImage\u00a0\u00bb _builder_version=\u00a0\u00bb4.24.2&Prime; border_radii=\u00a0\u00bbon|1px|1px|1px|1px\u00a0\u00bb global_colors_info=\u00a0\u00bb{}\u00a0\u00bb][\/et_pb_image][\/et_pb_column][et_pb_column type=\u00a0\u00bb1_3&Prime; _builder_version=\u00a0\u00bb4.17.4&Prime; _module_preset=\u00a0\u00bbdefault\u00a0\u00bb global_colors_info=\u00a0\u00bb{}\u00a0\u00bb][et_pb_text admin_label=\u00a0\u00bbTexte\u00a0\u00bb _builder_version=\u00a0\u00bb4.17.4&Prime; text_font=\u00a0\u00bb||||||||\u00a0\u00bb text_text_color=\u00a0\u00bb#7cda24&Prime; link_option_url=\u00a0\u00bbhttps:\/\/www.google.com\/maps\/place\/ELSECOM+SPA\/@36.7296851,3.1771393,16.25z\/data=!4m5!3m4!1s0x128e51f9ecfc3fa7:0x3dc2b49b745b0aa5!8m2!3d36.7299944!4d3.1821881&Prime; link_option_url_new_window=\u00a0\u00bbon\u00a0\u00bb text_text_shadow_style=\u00a0\u00bbpreset5&Prime; global_colors_info=\u00a0\u00bb{}\u00a0\u00bb]<\/p>\n<p style=\"text-align: center;\"><strong><a href=\"https:\/\/www.google.com\/maps\/place\/ELSECOM+SPA\/@36.7296851,3.1771393,16.25z\/data=!4m5!3m4!1s0x128e51f9ecfc3fa7:0x3dc2b49b745b0aa5!8m2!3d36.7299944!4d3.1821881\">Service apr\u00e8s vente Dar El Beida<\/a><\/strong><\/p>\n<p>[\/et_pb_text][et_pb_image src=\u00a0\u00bbhttps:\/\/elsecom.com\/portal\/wp-content\/uploads\/2019\/02\/SAV-Dar-el-Beida2.jpg\u00a0\u00bb title_text=\u00a0\u00bbSAV Dar el Beida2&Prime; url=\u00a0\u00bbhttps:\/\/www.google.com\/maps\/place\/Elsecom+Automobiles+SAV\/@36.729287,3.1982805,18.25z\/data=!4m5!3m4!1s0x128e51dd45e761a5:0x6743832ef3ec02cd!8m2!3d36.729093!4d3.198989&Prime; url_new_window=\u00a0\u00bbon\u00a0\u00bb align=\u00a0\u00bbcenter\u00a0\u00bb align_tablet=\u00a0\u00bbcenter\u00a0\u00bb align_phone=\u00a0\u00bb\u00a0\u00bb align_last_edited=\u00a0\u00bbon|desktop\u00a0\u00bb admin_label=\u00a0\u00bbImage\u00a0\u00bb _builder_version=\u00a0\u00bb4.17.4&Prime; global_colors_info=\u00a0\u00bb{}\u00a0\u00bb][\/et_pb_image][\/et_pb_column][et_pb_column type=\u00a0\u00bb1_3&Prime; _builder_version=\u00a0\u00bb4.17.4&Prime; _module_preset=\u00a0\u00bbdefault\u00a0\u00bb global_colors_info=\u00a0\u00bb{}\u00a0\u00bb][et_pb_text admin_label=\u00a0\u00bbTexte\u00a0\u00bb _builder_version=\u00a0\u00bb4.24.2&Prime; text_font=\u00a0\u00bb||||||||\u00a0\u00bb text_text_color=\u00a0\u00bb#7cda24&Prime; link_option_url=\u00a0\u00bbhttps:\/\/www.google.com\/maps\/search\/elsecom+oran\/@35.6414267,-0.5944684,15z?entry=ttu\u00a0\u00bb link_option_url_new_window=\u00a0\u00bbon\u00a0\u00bb hover_enabled=\u00a0\u00bb0&Prime; text_text_shadow_style=\u00a0\u00bbpreset5&Prime; global_colors_info=\u00a0\u00bb{}\u00a0\u00bb sticky_enabled=\u00a0\u00bb0&Prime;]<\/p>\n<p style=\"text-align: center;\"><b>Vente de v\u00e9hicules ORAN<\/b><\/p>\n<p>[\/et_pb_text][et_pb_image src=\u00a0\u00bbhttps:\/\/elsecom.com\/portal\/wp-content\/uploads\/2024\/03\/oran2.png\u00a0\u00bb title_text=\u00a0\u00bboran2&Prime; url=\u00a0\u00bbhttps:\/\/www.google.com\/maps\/search\/elsecom+oran\/@35.6414267,-0.5944684,15z?entry=ttu\u00a0\u00bb url_new_window=\u00a0\u00bbon\u00a0\u00bb align=\u00a0\u00bbcenter\u00a0\u00bb align_tablet=\u00a0\u00bbcenter\u00a0\u00bb align_phone=\u00a0\u00bb\u00a0\u00bb align_last_edited=\u00a0\u00bbon|desktop\u00a0\u00bb admin_label=\u00a0\u00bbImage\u00a0\u00bb _builder_version=\u00a0\u00bb4.24.2&Prime; custom_padding=\u00a0\u00bb||0px|||\u00a0\u00bb hover_enabled=\u00a0\u00bb0&Prime; global_colors_info=\u00a0\u00bb{}\u00a0\u00bb sticky_enabled=\u00a0\u00bb0&Prime;][\/et_pb_image][\/et_pb_column][\/et_pb_row][\/et_pb_section]<\/p>\n","protected":false},"excerpt":{"rendered":"<p>Vous \u00eates les bienvenus dans nos locaux, nous sommes pr\u00e9sents \u00e0 BAB EZZOUAR et DAR EL BEIDA, ou \u00e0 travers notre r\u00e9seau d&rsquo;agents agr\u00e9\u00e9s. Vous pouvez arriver facilement sur nos diff\u00e9rents sites en un simple clic et en vous laissant guider par le GPS \u00a0 Si\u00e8ge social &#8211; Centrale d&rsquo;achat &#8211; BAB EZZOUARService apr\u00e8s vente [&hellip;]<\/p>\n","protected":false},"author":1,"featured_media":0,"parent":0,"menu_order":0,"comment_status":"closed","ping_status":"closed","template":"","meta":{"_et_pb_use_builder":"on","_et_pb_old_content":"","_et_gb_content_width":"","footnotes":""},"class_list":["post-1681","page","type-page","status-publish","hentry"],"yoast_head":"<!-- This site is optimized with the Yoast SEO plugin v27.4 - https:\/\/yoast.com\/product\/yoast-seo-wordpress\/ -->\n<title>Venez chez nous - Groupe ELSECOM<\/title>\n<meta name=\"robots\" content=\"index, follow, max-snippet:-1, max-image-preview:large, max-video-preview:-1\" \/>\n<link rel=\"canonical\" href=\"https:\/\/elsecom.com\/portal\/venezcheznous\/\" \/>\n<meta property=\"og:locale\" content=\"fr_FR\" \/>\n<meta property=\"og:type\" content=\"article\" \/>\n<meta property=\"og:title\" content=\"Venez chez nous - Groupe ELSECOM\" \/>\n<meta property=\"og:description\" content=\"Vous \u00eates les bienvenus dans nos locaux, nous sommes pr\u00e9sents \u00e0 BAB EZZOUAR et DAR EL BEIDA, ou \u00e0 travers notre r\u00e9seau d&#039;agents agr\u00e9\u00e9s. Vous pouvez arriver facilement sur nos diff\u00e9rents sites en un simple clic et en vous laissant guider par le GPS \u00a0 Si\u00e8ge social - Centrale d&#039;achat - BAB EZZOUARService apr\u00e8s vente [&hellip;]\" \/>\n<meta property=\"og:url\" content=\"https:\/\/elsecom.com\/portal\/venezcheznous\/\" \/>\n<meta property=\"og:site_name\" content=\"Groupe ELSECOM\" \/>\n<meta property=\"article:modified_time\" content=\"2024-03-26T12:06:25+00:00\" \/>\n<meta name=\"twitter:card\" content=\"summary_large_image\" \/>\n<meta name=\"twitter:label1\" content=\"Dur\u00e9e de lecture estim\u00e9e\" \/>\n\t<meta name=\"twitter:data1\" content=\"3 minutes\" \/>\n<script type=\"application\/ld+json\" class=\"yoast-schema-graph\">{\"@context\":\"https:\\\/\\\/schema.org\",\"@graph\":[{\"@type\":\"WebPage\",\"@id\":\"https:\\\/\\\/elsecom.com\\\/portal\\\/venezcheznous\\\/\",\"url\":\"https:\\\/\\\/elsecom.com\\\/portal\\\/venezcheznous\\\/\",\"name\":\"Venez chez nous - Groupe ELSECOM\",\"isPartOf\":{\"@id\":\"https:\\\/\\\/elsecom.com\\\/portal\\\/#website\"},\"datePublished\":\"2020-06-18T11:42:49+00:00\",\"dateModified\":\"2024-03-26T12:06:25+00:00\",\"breadcrumb\":{\"@id\":\"https:\\\/\\\/elsecom.com\\\/portal\\\/venezcheznous\\\/#breadcrumb\"},\"inLanguage\":\"fr-FR\",\"potentialAction\":[{\"@type\":\"ReadAction\",\"target\":[\"https:\\\/\\\/elsecom.com\\\/portal\\\/venezcheznous\\\/\"]}]},{\"@type\":\"BreadcrumbList\",\"@id\":\"https:\\\/\\\/elsecom.com\\\/portal\\\/venezcheznous\\\/#breadcrumb\",\"itemListElement\":[{\"@type\":\"ListItem\",\"position\":1,\"name\":\"Accueil\",\"item\":\"https:\\\/\\\/elsecom.com\\\/portal\\\/\"},{\"@type\":\"ListItem\",\"position\":2,\"name\":\"Venez chez nous\"}]},{\"@type\":\"WebSite\",\"@id\":\"https:\\\/\\\/elsecom.com\\\/portal\\\/#website\",\"url\":\"https:\\\/\\\/elsecom.com\\\/portal\\\/\",\"name\":\"Groupe ELSECOM\",\"description\":\"Entreprise de vente et de location de v\u00e9hicules et de service informatique\",\"publisher\":{\"@id\":\"https:\\\/\\\/elsecom.com\\\/portal\\\/#organization\"},\"potentialAction\":[{\"@type\":\"SearchAction\",\"target\":{\"@type\":\"EntryPoint\",\"urlTemplate\":\"https:\\\/\\\/elsecom.com\\\/portal\\\/?s={search_term_string}\"},\"query-input\":{\"@type\":\"PropertyValueSpecification\",\"valueRequired\":true,\"valueName\":\"search_term_string\"}}],\"inLanguage\":\"fr-FR\"},{\"@type\":\"Organization\",\"@id\":\"https:\\\/\\\/elsecom.com\\\/portal\\\/#organization\",\"name\":\"SPA ELSECOM\",\"url\":\"https:\\\/\\\/elsecom.com\\\/portal\\\/\",\"logo\":{\"@type\":\"ImageObject\",\"inLanguage\":\"fr-FR\",\"@id\":\"https:\\\/\\\/elsecom.com\\\/portal\\\/#\\\/schema\\\/logo\\\/image\\\/\",\"url\":\"https:\\\/\\\/elsecom.com\\\/portal\\\/wp-content\\\/uploads\\\/2018\\\/07\\\/LOGO2012.jpg\",\"contentUrl\":\"https:\\\/\\\/elsecom.com\\\/portal\\\/wp-content\\\/uploads\\\/2018\\\/07\\\/LOGO2012.jpg\",\"width\":229,\"height\":47,\"caption\":\"SPA ELSECOM\"},\"image\":{\"@id\":\"https:\\\/\\\/elsecom.com\\\/portal\\\/#\\\/schema\\\/logo\\\/image\\\/\"}}]}<\/script>\n<!-- \/ Yoast SEO plugin. -->","yoast_head_json":{"title":"Venez chez nous - Groupe ELSECOM","robots":{"index":"index","follow":"follow","max-snippet":"max-snippet:-1","max-image-preview":"max-image-preview:large","max-video-preview":"max-video-preview:-1"},"canonical":"https:\/\/elsecom.com\/portal\/venezcheznous\/","og_locale":"fr_FR","og_type":"article","og_title":"Venez chez nous - Groupe ELSECOM","og_description":"Vous \u00eates les bienvenus dans nos locaux, nous sommes pr\u00e9sents \u00e0 BAB EZZOUAR et DAR EL BEIDA, ou \u00e0 travers notre r\u00e9seau d'agents agr\u00e9\u00e9s. Vous pouvez arriver facilement sur nos diff\u00e9rents sites en un simple clic et en vous laissant guider par le GPS \u00a0 Si\u00e8ge social - Centrale d'achat - BAB EZZOUARService apr\u00e8s vente [&hellip;]","og_url":"https:\/\/elsecom.com\/portal\/venezcheznous\/","og_site_name":"Groupe ELSECOM","article_modified_time":"2024-03-26T12:06:25+00:00","twitter_card":"summary_large_image","twitter_misc":{"Dur\u00e9e de lecture estim\u00e9e":"3 minutes"},"schema":{"@context":"https:\/\/schema.org","@graph":[{"@type":"WebPage","@id":"https:\/\/elsecom.com\/portal\/venezcheznous\/","url":"https:\/\/elsecom.com\/portal\/venezcheznous\/","name":"Venez chez nous - Groupe ELSECOM","isPartOf":{"@id":"https:\/\/elsecom.com\/portal\/#website"},"datePublished":"2020-06-18T11:42:49+00:00","dateModified":"2024-03-26T12:06:25+00:00","breadcrumb":{"@id":"https:\/\/elsecom.com\/portal\/venezcheznous\/#breadcrumb"},"inLanguage":"fr-FR","potentialAction":[{"@type":"ReadAction","target":["https:\/\/elsecom.com\/portal\/venezcheznous\/"]}]},{"@type":"BreadcrumbList","@id":"https:\/\/elsecom.com\/portal\/venezcheznous\/#breadcrumb","itemListElement":[{"@type":"ListItem","position":1,"name":"Accueil","item":"https:\/\/elsecom.com\/portal\/"},{"@type":"ListItem","position":2,"name":"Venez chez nous"}]},{"@type":"WebSite","@id":"https:\/\/elsecom.com\/portal\/#website","url":"https:\/\/elsecom.com\/portal\/","name":"Groupe ELSECOM","description":"Entreprise de vente et de location de v\u00e9hicules et de service informatique","publisher":{"@id":"https:\/\/elsecom.com\/portal\/#organization"},"potentialAction":[{"@type":"SearchAction","target":{"@type":"EntryPoint","urlTemplate":"https:\/\/elsecom.com\/portal\/?s={search_term_string}"},"query-input":{"@type":"PropertyValueSpecification","valueRequired":true,"valueName":"search_term_string"}}],"inLanguage":"fr-FR"},{"@type":"Organization","@id":"https:\/\/elsecom.com\/portal\/#organization","name":"SPA ELSECOM","url":"https:\/\/elsecom.com\/portal\/","logo":{"@type":"ImageObject","inLanguage":"fr-FR","@id":"https:\/\/elsecom.com\/portal\/#\/schema\/logo\/image\/","url":"https:\/\/elsecom.com\/portal\/wp-content\/uploads\/2018\/07\/LOGO2012.jpg","contentUrl":"https:\/\/elsecom.com\/portal\/wp-content\/uploads\/2018\/07\/LOGO2012.jpg","width":229,"height":47,"caption":"SPA ELSECOM"},"image":{"@id":"https:\/\/elsecom.com\/portal\/#\/schema\/logo\/image\/"}}]}},"_links":{"self":[{"href":"https:\/\/elsecom.com\/portal\/wp-json\/wp\/v2\/pages\/1681","targetHints":{"allow":["GET"]}}],"collection":[{"href":"https:\/\/elsecom.com\/portal\/wp-json\/wp\/v2\/pages"}],"about":[{"href":"https:\/\/elsecom.com\/portal\/wp-json\/wp\/v2\/types\/page"}],"author":[{"embeddable":true,"href":"https:\/\/elsecom.com\/portal\/wp-json\/wp\/v2\/users\/1"}],"replies":[{"embeddable":true,"href":"https:\/\/elsecom.com\/portal\/wp-json\/wp\/v2\/comments?post=1681"}],"version-history":[{"count":11,"href":"https:\/\/elsecom.com\/portal\/wp-json\/wp\/v2\/pages\/1681\/revisions"}],"predecessor-version":[{"id":1948,"href":"https:\/\/elsecom.com\/portal\/wp-json\/wp\/v2\/pages\/1681\/revisions\/1948"}],"wp:attachment":[{"href":"https:\/\/elsecom.com\/portal\/wp-json\/wp\/v2\/media?parent=1681"}],"curies":[{"name":"wp","href":"https:\/\/api.w.org\/{rel}","templated":true}]}}