{"id":263,"date":"2019-02-19T14:43:10","date_gmt":"2019-02-19T14:43:10","guid":{"rendered":"https:\/\/elsecom.com\/portal\/?page_id=263"},"modified":"2019-04-04T10:24:37","modified_gmt":"2019-04-04T10:24:37","slug":"savapvehicule","status":"publish","type":"page","link":"https:\/\/elsecom.com\/portal\/savapvehicule\/","title":{"rendered":"Service apr\u00e8s-vente V\u00e9hicules"},"content":{"rendered":"<p>[et_pb_section fb_built=\u00a0\u00bb1&Prime; _builder_version=\u00a0\u00bb3.19.15&Prime;][et_pb_row _builder_version=\u00a0\u00bb3.19.15&Prime;][et_pb_column type=\u00a0\u00bb4_4&Prime; _builder_version=\u00a0\u00bb3.19.15&Prime;][et_pb_image src=\u00a0\u00bbhttps:\/\/elsecom.com\/portal\/wp-content\/uploads\/2019\/02\/Logo-elsecom.png\u00a0\u00bb align=\u00a0\u00bbcenter\u00a0\u00bb _builder_version=\u00a0\u00bb3.19.15&Prime; max_width=\u00a0\u00bb20%\u00a0\u00bb][\/et_pb_image][et_pb_image src=\u00a0\u00bbhttps:\/\/elsecom.com\/portal\/wp-content\/uploads\/2019\/03\/Logo_GP2.png\u00a0\u00bb align=\u00a0\u00bbcenter\u00a0\u00bb _builder_version=\u00a0\u00bb3.19.15&Prime; border_color_top=\u00a0\u00bb#7cda24&Prime; border_color_right=\u00a0\u00bb#7cda24&Prime; border_color_bottom=\u00a0\u00bb#7cda24&Prime; border_color_left=\u00a0\u00bb#7cda24&Prime; max_width=\u00a0\u00bb36%\u00a0\u00bb animation_style=\u00a0\u00bbbounce\u00a0\u00bb][\/et_pb_image][et_pb_image src=\u00a0\u00bbhttps:\/\/elsecom.com\/portal\/wp-content\/uploads\/2019\/03\/Logo_GP1.png\u00a0\u00bb align=\u00a0\u00bbcenter\u00a0\u00bb _builder_version=\u00a0\u00bb3.19.15&Prime; border_color_top=\u00a0\u00bb#7cda24&Prime; border_color_right=\u00a0\u00bb#7cda24&Prime; border_color_bottom=\u00a0\u00bb#7cda24&Prime; border_color_left=\u00a0\u00bb#7cda24&Prime; max_width=\u00a0\u00bb50%\u00a0\u00bb animation_style=\u00a0\u00bbbounce\u00a0\u00bb][\/et_pb_image][\/et_pb_column][\/et_pb_row][et_pb_row _builder_version=\u00a0\u00bb3.19.15&Prime;][et_pb_column type=\u00a0\u00bb1_2&Prime; _builder_version=\u00a0\u00bb3.19.15&Prime;][et_pb_text _builder_version=\u00a0\u00bb3.19.15&Prime;]<\/p>\n<p><strong>Nos horaires d\u2019ouverture<\/strong><\/p>\n<p><strong>De dimanche \u00e0 jeudi : 08h &#8211; 20h sans interruption<\/strong><\/p>\n<p><strong>Le samedi : 08h &#8211; 16h30<\/strong><\/p>\n<p>&nbsp;<\/p>\n<p><strong><\/strong><\/p>\n<h3><a href=\"https:\/\/elsecom.com\/portal\/contact\/\"><span style=\"text-decoration: underline;\"><strong>Contactez nous<\/strong><\/span><\/a><\/h3>\n<p><span style=\"color: #ff0000;\"><strong><\/strong><\/span><\/p>\n<p>[\/et_pb_text][\/et_pb_column][et_pb_column type=\u00a0\u00bb1_2&Prime; _builder_version=\u00a0\u00bb3.19.15&Prime;][et_pb_gallery gallery_ids=\u00a0\u00bb993,998,999,1000,1002,1003,1004,1005,1006&Prime; fullwidth=\u00a0\u00bbon\u00a0\u00bb _builder_version=\u00a0\u00bb3.19.15&Prime; mix_blend_mode=\u00a0\u00bboverlay\u00a0\u00bb auto=\u00a0\u00bbon\u00a0\u00bb auto_speed=\u00a0\u00bb2000&Prime;][\/et_pb_gallery][\/et_pb_column][\/et_pb_row][et_pb_row custom_padding=\u00a0\u00bb0|0px|27px|0px|false|false\u00a0\u00bb _builder_version=\u00a0\u00bb3.19.15&Prime;][et_pb_column type=\u00a0\u00bb4_4&Prime; _builder_version=\u00a0\u00bb3.19.15&Prime;][et_pb_text _builder_version=\u00a0\u00bb3.19.15&Prime;]<\/p>\n<p><span style=\"color: black;\">Nos services d\u2019entretien et de r\u00e9paration couvrent l\u2019entretien, la r\u00e9vision, le diagnostic \u00e9lectronique, la climatisation, le syst\u00e8me de freinage, le vitrage, la batterie, le Start\/Stop, la motorisation, les pneumatiques, l\u2019\u00e9clairage, l\u2019essuyage, la suspension, la direction, la carrosserie, \u2026<\/span><o:p><\/o:p><\/p>\n<p><span style=\"color: black;\">Une \u00e9quipe de techniciens comp\u00e9tents et sp\u00e9cialis\u00e9s prend en charge votre v\u00e9hicule quel que soit sa marque et sa cat\u00e9gorie.<\/span><o:p><\/o:p><\/p>\n<p><span style=\"color: black;\">Pour votre s\u00e9curit\u00e9, le groupe <strong>ELSECOM<\/strong> veille au contr\u00f4le rigoureux de la qualit\u00e9 de toutes les op\u00e9rations effectu\u00e9es sur votre v\u00e9hicule par nos professionnels de l\u2019automobile et l\u2019utilisation de pi\u00e8ces d\u2019origine garanties.<\/span><u1:p><\/u1:p><o:p><\/o:p><\/p>\n<p><span style=\"color: black;\">Les \u00e9quipes de professionnels de notre r\u00e9seau <strong>Bosch Car Service<\/strong> sont aussi <strong>form\u00e9es<\/strong> pour assurer une intervention de qualit\u00e9 pour l\u2019entretien et la r\u00e9paration sur des v\u00e9hicules de diff\u00e9rentes marques : Volkswagen, Seat, Renault, Peugeot, Dacia, Audi, Mercedes\u2026<\/span><u1:p><\/u1:p><o:p><\/o:p><\/p>\n<p><span style=\"color: black;\">Le groupe <strong>ELSECOM<\/strong>, vous accueil <strong>sans rendez-vous<\/strong> pour les op\u00e9rations d\u2019entretien courant : r\u00e9vision et entretien p\u00e9riodique, suspension, freinage, direction, \u00e9clairage, diagnostic \u00e9lectronique, pneumatique, vitrage, batterie,\u2026<\/span><o:p><\/o:p><\/p>\n<p><\/p>\n<p>&nbsp;<\/p>\n<p><strong><span style=\"color: red;\"><\/span><\/strong><o:p><\/o:p><\/p>\n<p>[\/et_pb_text][\/et_pb_column][\/et_pb_row][\/et_pb_section]<\/p>\n","protected":false},"excerpt":{"rendered":"<p>Nos horaires d\u2019ouverture De dimanche \u00e0 jeudi : 08h &#8211; 20h sans interruption Le samedi : 08h &#8211; 16h30 &nbsp; Contactez nous Nos services d\u2019entretien et de r\u00e9paration couvrent l\u2019entretien, la r\u00e9vision, le diagnostic \u00e9lectronique, la climatisation, le syst\u00e8me de freinage, le vitrage, la batterie, le Start\/Stop, la motorisation, les pneumatiques, l\u2019\u00e9clairage, l\u2019essuyage, la suspension, [&hellip;]<\/p>\n","protected":false},"author":1,"featured_media":0,"parent":0,"menu_order":0,"comment_status":"closed","ping_status":"closed","template":"","meta":{"_et_pb_use_builder":"on","_et_pb_old_content":"","_et_gb_content_width":"","footnotes":""},"class_list":["post-263","page","type-page","status-publish","hentry"],"yoast_head":"<!-- This site is optimized with the Yoast SEO plugin v27.4 - https:\/\/yoast.com\/product\/yoast-seo-wordpress\/ -->\n<title>Service apr\u00e8s-vente V\u00e9hicules - Groupe ELSECOM<\/title>\n<meta name=\"robots\" content=\"index, follow, max-snippet:-1, max-image-preview:large, max-video-preview:-1\" \/>\n<link rel=\"canonical\" href=\"https:\/\/elsecom.com\/portal\/savapvehicule\/\" \/>\n<meta property=\"og:locale\" content=\"fr_FR\" \/>\n<meta property=\"og:type\" content=\"article\" \/>\n<meta property=\"og:title\" content=\"Service apr\u00e8s-vente V\u00e9hicules - Groupe ELSECOM\" \/>\n<meta property=\"og:description\" content=\"Nos horaires d\u2019ouverture De dimanche \u00e0 jeudi : 08h - 20h sans interruption Le samedi : 08h - 16h30 &nbsp; Contactez nous Nos services d\u2019entretien et de r\u00e9paration couvrent l\u2019entretien, la r\u00e9vision, le diagnostic \u00e9lectronique, la climatisation, le syst\u00e8me de freinage, le vitrage, la batterie, le Start\/Stop, la motorisation, les pneumatiques, l\u2019\u00e9clairage, l\u2019essuyage, la suspension, [&hellip;]\" \/>\n<meta property=\"og:url\" content=\"https:\/\/elsecom.com\/portal\/savapvehicule\/\" \/>\n<meta property=\"og:site_name\" content=\"Groupe ELSECOM\" \/>\n<meta property=\"article:modified_time\" content=\"2019-04-04T10:24:37+00:00\" \/>\n<meta name=\"twitter:card\" content=\"summary_large_image\" \/>\n<meta name=\"twitter:label1\" content=\"Dur\u00e9e de lecture estim\u00e9e\" \/>\n\t<meta name=\"twitter:data1\" content=\"2 minutes\" \/>\n<script type=\"application\/ld+json\" class=\"yoast-schema-graph\">{\"@context\":\"https:\\\/\\\/schema.org\",\"@graph\":[{\"@type\":\"WebPage\",\"@id\":\"https:\\\/\\\/elsecom.com\\\/portal\\\/savapvehicule\\\/\",\"url\":\"https:\\\/\\\/elsecom.com\\\/portal\\\/savapvehicule\\\/\",\"name\":\"Service apr\u00e8s-vente V\u00e9hicules - Groupe ELSECOM\",\"isPartOf\":{\"@id\":\"https:\\\/\\\/elsecom.com\\\/portal\\\/#website\"},\"datePublished\":\"2019-02-19T14:43:10+00:00\",\"dateModified\":\"2019-04-04T10:24:37+00:00\",\"breadcrumb\":{\"@id\":\"https:\\\/\\\/elsecom.com\\\/portal\\\/savapvehicule\\\/#breadcrumb\"},\"inLanguage\":\"fr-FR\",\"potentialAction\":[{\"@type\":\"ReadAction\",\"target\":[\"https:\\\/\\\/elsecom.com\\\/portal\\\/savapvehicule\\\/\"]}]},{\"@type\":\"BreadcrumbList\",\"@id\":\"https:\\\/\\\/elsecom.com\\\/portal\\\/savapvehicule\\\/#breadcrumb\",\"itemListElement\":[{\"@type\":\"ListItem\",\"position\":1,\"name\":\"Accueil\",\"item\":\"https:\\\/\\\/elsecom.com\\\/portal\\\/\"},{\"@type\":\"ListItem\",\"position\":2,\"name\":\"Service apr\u00e8s-vente V\u00e9hicules\"}]},{\"@type\":\"WebSite\",\"@id\":\"https:\\\/\\\/elsecom.com\\\/portal\\\/#website\",\"url\":\"https:\\\/\\\/elsecom.com\\\/portal\\\/\",\"name\":\"Groupe ELSECOM\",\"description\":\"Entreprise de vente et de location de v\u00e9hicules et de service informatique\",\"publisher\":{\"@id\":\"https:\\\/\\\/elsecom.com\\\/portal\\\/#organization\"},\"potentialAction\":[{\"@type\":\"SearchAction\",\"target\":{\"@type\":\"EntryPoint\",\"urlTemplate\":\"https:\\\/\\\/elsecom.com\\\/portal\\\/?s={search_term_string}\"},\"query-input\":{\"@type\":\"PropertyValueSpecification\",\"valueRequired\":true,\"valueName\":\"search_term_string\"}}],\"inLanguage\":\"fr-FR\"},{\"@type\":\"Organization\",\"@id\":\"https:\\\/\\\/elsecom.com\\\/portal\\\/#organization\",\"name\":\"SPA ELSECOM\",\"url\":\"https:\\\/\\\/elsecom.com\\\/portal\\\/\",\"logo\":{\"@type\":\"ImageObject\",\"inLanguage\":\"fr-FR\",\"@id\":\"https:\\\/\\\/elsecom.com\\\/portal\\\/#\\\/schema\\\/logo\\\/image\\\/\",\"url\":\"https:\\\/\\\/elsecom.com\\\/portal\\\/wp-content\\\/uploads\\\/2018\\\/07\\\/LOGO2012.jpg\",\"contentUrl\":\"https:\\\/\\\/elsecom.com\\\/portal\\\/wp-content\\\/uploads\\\/2018\\\/07\\\/LOGO2012.jpg\",\"width\":229,\"height\":47,\"caption\":\"SPA ELSECOM\"},\"image\":{\"@id\":\"https:\\\/\\\/elsecom.com\\\/portal\\\/#\\\/schema\\\/logo\\\/image\\\/\"}}]}<\/script>\n<!-- \/ Yoast SEO plugin. -->","yoast_head_json":{"title":"Service apr\u00e8s-vente V\u00e9hicules - Groupe ELSECOM","robots":{"index":"index","follow":"follow","max-snippet":"max-snippet:-1","max-image-preview":"max-image-preview:large","max-video-preview":"max-video-preview:-1"},"canonical":"https:\/\/elsecom.com\/portal\/savapvehicule\/","og_locale":"fr_FR","og_type":"article","og_title":"Service apr\u00e8s-vente V\u00e9hicules - Groupe ELSECOM","og_description":"Nos horaires d\u2019ouverture De dimanche \u00e0 jeudi : 08h - 20h sans interruption Le samedi : 08h - 16h30 &nbsp; Contactez nous Nos services d\u2019entretien et de r\u00e9paration couvrent l\u2019entretien, la r\u00e9vision, le diagnostic \u00e9lectronique, la climatisation, le syst\u00e8me de freinage, le vitrage, la batterie, le Start\/Stop, la motorisation, les pneumatiques, l\u2019\u00e9clairage, l\u2019essuyage, la suspension, [&hellip;]","og_url":"https:\/\/elsecom.com\/portal\/savapvehicule\/","og_site_name":"Groupe ELSECOM","article_modified_time":"2019-04-04T10:24:37+00:00","twitter_card":"summary_large_image","twitter_misc":{"Dur\u00e9e de lecture estim\u00e9e":"2 minutes"},"schema":{"@context":"https:\/\/schema.org","@graph":[{"@type":"WebPage","@id":"https:\/\/elsecom.com\/portal\/savapvehicule\/","url":"https:\/\/elsecom.com\/portal\/savapvehicule\/","name":"Service apr\u00e8s-vente V\u00e9hicules - Groupe ELSECOM","isPartOf":{"@id":"https:\/\/elsecom.com\/portal\/#website"},"datePublished":"2019-02-19T14:43:10+00:00","dateModified":"2019-04-04T10:24:37+00:00","breadcrumb":{"@id":"https:\/\/elsecom.com\/portal\/savapvehicule\/#breadcrumb"},"inLanguage":"fr-FR","potentialAction":[{"@type":"ReadAction","target":["https:\/\/elsecom.com\/portal\/savapvehicule\/"]}]},{"@type":"BreadcrumbList","@id":"https:\/\/elsecom.com\/portal\/savapvehicule\/#breadcrumb","itemListElement":[{"@type":"ListItem","position":1,"name":"Accueil","item":"https:\/\/elsecom.com\/portal\/"},{"@type":"ListItem","position":2,"name":"Service apr\u00e8s-vente V\u00e9hicules"}]},{"@type":"WebSite","@id":"https:\/\/elsecom.com\/portal\/#website","url":"https:\/\/elsecom.com\/portal\/","name":"Groupe ELSECOM","description":"Entreprise de vente et de location de v\u00e9hicules et de service informatique","publisher":{"@id":"https:\/\/elsecom.com\/portal\/#organization"},"potentialAction":[{"@type":"SearchAction","target":{"@type":"EntryPoint","urlTemplate":"https:\/\/elsecom.com\/portal\/?s={search_term_string}"},"query-input":{"@type":"PropertyValueSpecification","valueRequired":true,"valueName":"search_term_string"}}],"inLanguage":"fr-FR"},{"@type":"Organization","@id":"https:\/\/elsecom.com\/portal\/#organization","name":"SPA ELSECOM","url":"https:\/\/elsecom.com\/portal\/","logo":{"@type":"ImageObject","inLanguage":"fr-FR","@id":"https:\/\/elsecom.com\/portal\/#\/schema\/logo\/image\/","url":"https:\/\/elsecom.com\/portal\/wp-content\/uploads\/2018\/07\/LOGO2012.jpg","contentUrl":"https:\/\/elsecom.com\/portal\/wp-content\/uploads\/2018\/07\/LOGO2012.jpg","width":229,"height":47,"caption":"SPA ELSECOM"},"image":{"@id":"https:\/\/elsecom.com\/portal\/#\/schema\/logo\/image\/"}}]}},"_links":{"self":[{"href":"https:\/\/elsecom.com\/portal\/wp-json\/wp\/v2\/pages\/263","targetHints":{"allow":["GET"]}}],"collection":[{"href":"https:\/\/elsecom.com\/portal\/wp-json\/wp\/v2\/pages"}],"about":[{"href":"https:\/\/elsecom.com\/portal\/wp-json\/wp\/v2\/types\/page"}],"author":[{"embeddable":true,"href":"https:\/\/elsecom.com\/portal\/wp-json\/wp\/v2\/users\/1"}],"replies":[{"embeddable":true,"href":"https:\/\/elsecom.com\/portal\/wp-json\/wp\/v2\/comments?post=263"}],"version-history":[{"count":45,"href":"https:\/\/elsecom.com\/portal\/wp-json\/wp\/v2\/pages\/263\/revisions"}],"predecessor-version":[{"id":1496,"href":"https:\/\/elsecom.com\/portal\/wp-json\/wp\/v2\/pages\/263\/revisions\/1496"}],"wp:attachment":[{"href":"https:\/\/elsecom.com\/portal\/wp-json\/wp\/v2\/media?parent=263"}],"curies":[{"name":"wp","href":"https:\/\/api.w.org\/{rel}","templated":true}]}}