{"id":5,"date":"2018-07-15T17:36:51","date_gmt":"2018-07-15T17:36:51","guid":{"rendered":"https:\/\/elsecom.com\/portal\/?page_id=5"},"modified":"2022-06-09T10:57:51","modified_gmt":"2022-06-09T10:57:51","slug":"accueil-spa-elsecom-atelier-piece-de-rechange-sav-location-vehicule-voiture-algerie-alger","status":"publish","type":"page","link":"https:\/\/elsecom.com\/portal\/","title":{"rendered":"ACCUEIL"},"content":{"rendered":"<p>[et_pb_section fb_built=\u00a0\u00bb1&Prime; _builder_version=\u00a0\u00bb4.16&Prime; custom_padding=\u00a0\u00bb0|0px|0|0px|false|false\u00a0\u00bb global_colors_info=\u00a0\u00bb{}\u00a0\u00bb][et_pb_row _builder_version=\u00a0\u00bb4.16&Prime; global_colors_info=\u00a0\u00bb{}\u00a0\u00bb][et_pb_column type=\u00a0\u00bb4_4&Prime; _builder_version=\u00a0\u00bb4.16&Prime; custom_padding=\u00a0\u00bb|||\u00a0\u00bb global_colors_info=\u00a0\u00bb{}\u00a0\u00bb custom_padding__hover=\u00a0\u00bb|||\u00a0\u00bb][et_pb_image src=\u00a0\u00bbhttps:\/\/elsecom.com\/portal\/wp-content\/uploads\/2019\/03\/Logo_GP2.png\u00a0\u00bb align=\u00a0\u00bbcenter\u00a0\u00bb align_tablet=\u00a0\u00bbcenter\u00a0\u00bb align_phone=\u00a0\u00bbcenter\u00a0\u00bb align_last_edited=\u00a0\u00bbon|desktop\u00a0\u00bb _builder_version=\u00a0\u00bb4.16&Prime; animation_style=\u00a0\u00bbbounce\u00a0\u00bb border_color_top=\u00a0\u00bb#7cda24&Prime; border_color_right=\u00a0\u00bb#7cda24&Prime; border_color_bottom=\u00a0\u00bb#7cda24&Prime; border_color_left=\u00a0\u00bb#7cda24&Prime; global_colors_info=\u00a0\u00bb{}\u00a0\u00bb][\/et_pb_image][et_pb_image src=\u00a0\u00bbhttps:\/\/elsecom.com\/portal\/wp-content\/uploads\/2019\/03\/Logo_GP1.png\u00a0\u00bb align=\u00a0\u00bbcenter\u00a0\u00bb align_tablet=\u00a0\u00bbcenter\u00a0\u00bb align_phone=\u00a0\u00bbcenter\u00a0\u00bb align_last_edited=\u00a0\u00bbon|desktop\u00a0\u00bb _builder_version=\u00a0\u00bb4.16&Prime; custom_padding=\u00a0\u00bb||7px|||\u00a0\u00bb animation_style=\u00a0\u00bbbounce\u00a0\u00bb border_color_top=\u00a0\u00bb#7cda24&Prime; border_color_right=\u00a0\u00bb#7cda24&Prime; border_color_bottom=\u00a0\u00bb#7cda24&Prime; border_color_left=\u00a0\u00bb#7cda24&Prime; global_colors_info=\u00a0\u00bb{}\u00a0\u00bb][\/et_pb_image][\/et_pb_column][\/et_pb_row][\/et_pb_section][et_pb_section fb_built=\u00a0\u00bb1&Prime; _builder_version=\u00a0\u00bb4.16&Prime; custom_padding=\u00a0\u00bb0|0px|54px|0px|false|false\u00a0\u00bb global_colors_info=\u00a0\u00bb{}\u00a0\u00bb][et_pb_row column_structure=\u00a0\u00bb3_4,1_4&Prime; _builder_version=\u00a0\u00bb4.16&Prime; global_colors_info=\u00a0\u00bb{}\u00a0\u00bb][et_pb_column type=\u00a0\u00bb3_4&Prime; _builder_version=\u00a0\u00bb4.16&Prime; custom_padding=\u00a0\u00bb|||\u00a0\u00bb global_colors_info=\u00a0\u00bb{}\u00a0\u00bb custom_padding__hover=\u00a0\u00bb|||\u00a0\u00bb][et_pb_gallery gallery_ids=\u00a0\u00bb206,205,198,197,196,1074&Prime; fullwidth=\u00a0\u00bbon\u00a0\u00bb _builder_version=\u00a0\u00bb4.16&Prime; mix_blend_mode=\u00a0\u00bboverlay\u00a0\u00bb auto=\u00a0\u00bbon\u00a0\u00bb auto_speed=\u00a0\u00bb2000&Prime; global_colors_info=\u00a0\u00bb{}\u00a0\u00bb][\/et_pb_gallery][et_pb_text _builder_version=\u00a0\u00bb4.16&Prime; background_size=\u00a0\u00bbinitial\u00a0\u00bb background_position=\u00a0\u00bbtop_left\u00a0\u00bb background_repeat=\u00a0\u00bbrepeat\u00a0\u00bb global_colors_info=\u00a0\u00bb{}\u00a0\u00bb]<\/p>\n<div id=\"wrapper\">\n<div id=\"main\">\n<div id=\"presentation\">\n<p>Pionnier de la distribution automobile, le groupe <strong>ELSECOM<\/strong> existe depuis 1981.<\/p>\n<p>Ayant distribu\u00e9 plus de 400\u00a0000 v\u00e9hicules, aujourd\u2019hui le groupe concentre son activit\u00e9 sur l&rsquo;after-market (apr\u00e8s-vente)<\/p>\n<p>Le groupe distribue les pi\u00e8ces de rechange <strong><u>d\u2019origine<\/u><\/strong> pour les marques <strong>FORD, SUZUKI, ISUZU, MARUTI, DAEWOO, TATA<\/strong> et s&rsquo;approvisionne directement aupr\u00e8s de ces constructeurs automobiles.<\/p>\n<p>Dans le cadre de l\u2019after-market, le groupe <strong>ELSECOM<\/strong> propose de la pi\u00e8ce de rechange d\u2019origine fournies par les grands \u00e9quipementiers europ\u00e9ens et am\u00e9ricains : <strong>BOSCH<\/strong> et <strong>CHAMPION.<\/strong><\/p>\n<p>Le groupe <strong>ELSECOM<\/strong> distribue aussi tout type de batteries de diff\u00e9rents amp\u00e9rages de marque <strong>BOSCH<\/strong> et <strong>JOHNSON CONTROL<\/strong> (<em>labellis\u00e9es <\/em><strong><em>DRIVEX<\/em>)<\/strong><\/p>\n<p>Le groupe <strong>ELSECOM<\/strong> \u0153uvre au d\u00e9veloppement sur le territoire national d\u2019un r\u00e9seau d\u2019atelier de diagnostic et entretien multimarques sous le label international <strong>Bosch Car Service<\/strong>.<\/p>\n<p>Le r\u00e9seau mondial <strong>Bosch<\/strong> compte 15 000 points <em>\u00ab\u00a0<strong>Bosch Car Service\u00a0\u00bb<\/strong><\/em><\/p>\n<p>En Alg\u00e9rie, le r\u00e9seau <strong>Bosch Car Service<\/strong> compte d\u00e9j\u00e0 15 Agents.<\/p>\n<p>O\u00f9 que vous soyez, notre r\u00e9seau de garagistes <strong>Bosch Car Service<\/strong> prend en charge l\u2019entretien de votre v\u00e9hicule sans rendez-vous.<\/p>\n<h4 class=\"txt-accueil\"><a href=\"\/portal\/reseau\"><span style=\"text-decoration: underline;\"><span class=\"plus\" style=\"font-family: inherit; font-weight: normal;\"><strong>Liste des agents<\/strong><\/span><\/span><\/a><\/h4>\n<p class=\"txt-accueil\"><span class=\"plus\" style=\"font-family: inherit; font-weight: normal;\"><\/span><\/p>\n<\/div>\n<p><!-- #presentation --><\/p>\n<\/div>\n<p><!-- #main --><\/p>\n<\/div>\n<p>[\/et_pb_text][\/et_pb_column][et_pb_column type=\u00a0\u00bb1_4&Prime; _builder_version=\u00a0\u00bb4.16&Prime; custom_padding=\u00a0\u00bb|||\u00a0\u00bb global_colors_info=\u00a0\u00bb{}\u00a0\u00bb custom_padding__hover=\u00a0\u00bb|||\u00a0\u00bb][et_pb_text _builder_version=\u00a0\u00bb4.17.4&Prime; text_font=\u00a0\u00bb||||||||\u00a0\u00bb ul_font=\u00a0\u00bb||||||||\u00a0\u00bb header_font=\u00a0\u00bb||||||||\u00a0\u00bb text_text_shadow_style=\u00a0\u00bbpreset5&Prime; box_shadow_style=\u00a0\u00bbpreset6&Prime; global_colors_info=\u00a0\u00bb{}\u00a0\u00bb]<\/p>\n<p style=\"text-align: center;\"><strong>\u00c9v\u00e9nements<\/strong><\/p>\n<p>[\/et_pb_text][et_pb_blog posts_number=\u00a0\u00bb2&Prime; include_categories=\u00a0\u00bb6&Prime; show_author=\u00a0\u00bboff\u00a0\u00bb show_date=\u00a0\u00bboff\u00a0\u00bb show_categories=\u00a0\u00bboff\u00a0\u00bb _builder_version=\u00a0\u00bb4.17.4&Prime; header_font=\u00a0\u00bb||||||||\u00a0\u00bb body_font=\u00a0\u00bb||||||||\u00a0\u00bb custom_margin=\u00a0\u00bb|||\u00a0\u00bb custom_margin_tablet=\u00a0\u00bb\u00a0\u00bb custom_margin_phone=\u00a0\u00bb\u00a0\u00bb custom_margin_last_edited=\u00a0\u00bbon|phone\u00a0\u00bb custom_padding=\u00a0\u00bb||24px|||\u00a0\u00bb animation_style=\u00a0\u00bbfade\u00a0\u00bb hover_enabled=\u00a0\u00bb0&Prime; border_color_all_fullwidth=\u00a0\u00bb#1fd7e0&Prime; border_color_top_fullwidth=\u00a0\u00bb#000000&Prime; border_color_right_fullwidth=\u00a0\u00bb#000000&Prime; border_color_bottom_fullwidth=\u00a0\u00bb#000000&Prime; border_color_left_fullwidth=\u00a0\u00bb#000000&Prime; global_colors_info=\u00a0\u00bb{}\u00a0\u00bb sticky_enabled=\u00a0\u00bb0&Prime; min_height=\u00a0\u00bb490.5px\u00a0\u00bb][\/et_pb_blog][\/et_pb_column][\/et_pb_row][et_pb_row _builder_version=\u00a0\u00bb4.16&Prime; max_width=\u00a0\u00bb2600px\u00a0\u00bb use_custom_width=\u00a0\u00bbon\u00a0\u00bb custom_width_px=\u00a0\u00bb2600px\u00a0\u00bb global_colors_info=\u00a0\u00bb{}\u00a0\u00bb][et_pb_column type=\u00a0\u00bb4_4&Prime; _builder_version=\u00a0\u00bb4.16&Prime; custom_padding=\u00a0\u00bb|||\u00a0\u00bb global_colors_info=\u00a0\u00bb{}\u00a0\u00bb custom_padding__hover=\u00a0\u00bb|||\u00a0\u00bb][et_pb_text _builder_version=\u00a0\u00bb4.16&Prime; global_colors_info=\u00a0\u00bb{}\u00a0\u00bb]<\/p>\n<h1><span style=\"color: #ffffff;\">Pi\u00e8ces de rechange v\u00e9hicule voiture &#8211; Service apr\u00e8s vente v\u00e9hicule voiture<\/span><\/h1>\n<h1><span style=\"color: #ffffff;\">location v\u00e9hicule voiture alger algerie aeroport a\u00e9roport &#8211; reservation r\u00e9servation en ligne de voiture &#8211; bosch, drivex, johnson control, ford, suzuki, daewoo, tata, isuzu, maruti, sondero, symbole, picanto, ciaz, mondeo, fiesta, volkswagen- entretien et de r\u00e9paration r\u00e9vision, diagnostic \u00e9lectronique, climatisation, syst\u00e8me de freinage, vitrage, batterie, Start\/Stop, motorisation, pneumatique, \u00e9clairage, essuyage, suspension, direction, carrosserie, &#8211; professionnels, <strong>Bosch Car Service<\/strong>, intervention de qualit\u00e9 marques : Volkswagen, Seat, Renault, Peugeot, Dacia, Audi, Mercedes<\/span><\/h1>\n<p>[\/et_pb_text][\/et_pb_column][\/et_pb_row][\/et_pb_section]<\/p>\n","protected":false},"excerpt":{"rendered":"<p>Pi\u00e8ces de rechange v\u00e9hicule voiture \u2013 Service apr\u00e8s vente v\u00e9hicule voiture<br \/>\nlocation v\u00e9hicule voiture alger algerie aeroport a\u00e9roport \u2013 reservation r\u00e9servation en ligne de voiture \u2013 bosch, drivex, johnson control, ford, suzuki, daewoo, tata, isuzu, maruti, sondero, symbole, picanto, ciaz, mondeo, fiesta, volkswagen- entretien et de r\u00e9paration r\u00e9vision, diagnostic \u00e9lectronique, climatisation, syst\u00e8me de freinage, vitrage, batterie, Start\/Stop, motorisation, pneumatique, \u00e9clairage, essuyage, suspension, direction, carrosserie, \u2013 professionnels, Bosch Car Service, intervention de qualit\u00e9 marques : Volkswagen, Seat, Renault, Peugeot, Dacia, Audi, Mercedes<\/p>\n","protected":false},"author":1,"featured_media":0,"parent":0,"menu_order":0,"comment_status":"closed","ping_status":"closed","template":"","meta":{"_et_pb_use_builder":"on","_et_pb_old_content":"<p><!-- [if lt IE 9]><span data-mce-type=\"bookmark\" style=\"display: inline-block; width: 0px; overflow: hidden; line-height: 0;\" class=\"mce_SELRES_start\"><\/span><br \/>\r\n<script src=\"http:\/\/html5shiv.googlecode.com\/svn\/trunk\/html5.js\"><\/script><br \/>\r\n<![endif]--><\/p><div id=\"wrapper\"><div id=\"main\"><div id=\"colonne\"><div id=\"news\"><p><span style=\"font-size: 23px; font-weight: 900;\">ELSECOM Groupe Automobile<\/span><\/p><\/div><\/div><div id=\"presentation\"><p class=\"txt-accueil\"><b>Le Groupe Elsecom<\/b> est le 3\u00e8me groupe automobile en Alg\u00e9rie, repr\u00e9sentant de 7 marques prestigieuses de v\u00e9hicules particuliers, utilitaires et camions : Ford, Kia, Suzuki, Daewoo, Isuzu, Tata et Faw<br \/>Le groupe a 20 ans d\u2019exp\u00e9rience dans la distribution automobile, le service apr\u00e8s-vente et est pr\u00e9sent \u00e0 travers tout le territoire alg\u00e9rien avec 145 points de vente<br \/><span class=\"plus\"><a href=\"http:\/\/elsecom.com\/presentation.php\"> En savoir plus<\/a><\/span><\/p><\/div><p><!-- #presentation --><\/p><\/div><p><!-- #main --><\/p><div class=\"clear\">\u00a0<\/div><p><!-- #clear --><\/p><div class=\"bottom\">\u00a0<\/div><p><!-- #bottom --><\/p><\/div><p><!-- #wrapper --><\/p><div class=\"clear\">\u00a0<\/div>","_et_gb_content_width":"","footnotes":""},"class_list":["post-5","page","type-page","status-publish","hentry"],"yoast_head":"<!-- This site is optimized with the Yoast SEO plugin v27.4 - https:\/\/yoast.com\/product\/yoast-seo-wordpress\/ -->\n<title>ACCUEIL - Groupe ELSECOM<\/title>\n<meta name=\"description\" content=\"elsecom atelier piece de rechange sav location v\u00e9hicule voiture alg\u00e9rie alger\" \/>\n<meta name=\"robots\" content=\"index, follow, max-snippet:-1, max-image-preview:large, max-video-preview:-1\" \/>\n<link rel=\"canonical\" href=\"https:\/\/elsecom.com\/portal\/\" \/>\n<meta property=\"og:locale\" content=\"fr_FR\" \/>\n<meta property=\"og:type\" content=\"article\" \/>\n<meta property=\"og:title\" content=\"ACCUEIL - Groupe ELSECOM\" \/>\n<meta property=\"og:description\" content=\"elsecom atelier piece de rechange sav location v\u00e9hicule voiture alg\u00e9rie alger\" \/>\n<meta property=\"og:url\" content=\"https:\/\/elsecom.com\/portal\/\" \/>\n<meta property=\"og:site_name\" content=\"Groupe ELSECOM\" \/>\n<meta property=\"article:modified_time\" content=\"2022-06-09T10:57:51+00:00\" \/>\n<meta name=\"twitter:card\" content=\"summary_large_image\" \/>\n<meta name=\"twitter:label1\" content=\"Dur\u00e9e de lecture estim\u00e9e\" \/>\n\t<meta name=\"twitter:data1\" content=\"4 minutes\" \/>\n<script type=\"application\/ld+json\" class=\"yoast-schema-graph\">{\"@context\":\"https:\\\/\\\/schema.org\",\"@graph\":[{\"@type\":\"WebPage\",\"@id\":\"https:\\\/\\\/elsecom.com\\\/portal\\\/\",\"url\":\"https:\\\/\\\/elsecom.com\\\/portal\\\/\",\"name\":\"ACCUEIL - Groupe ELSECOM\",\"isPartOf\":{\"@id\":\"https:\\\/\\\/elsecom.com\\\/portal\\\/#website\"},\"datePublished\":\"2018-07-15T17:36:51+00:00\",\"dateModified\":\"2022-06-09T10:57:51+00:00\",\"description\":\"elsecom atelier piece de rechange sav location v\u00e9hicule voiture alg\u00e9rie alger\",\"breadcrumb\":{\"@id\":\"https:\\\/\\\/elsecom.com\\\/portal\\\/#breadcrumb\"},\"inLanguage\":\"fr-FR\",\"potentialAction\":[{\"@type\":\"ReadAction\",\"target\":[\"https:\\\/\\\/elsecom.com\\\/portal\\\/\"]}]},{\"@type\":\"BreadcrumbList\",\"@id\":\"https:\\\/\\\/elsecom.com\\\/portal\\\/#breadcrumb\",\"itemListElement\":[{\"@type\":\"ListItem\",\"position\":1,\"name\":\"Accueil\",\"item\":\"https:\\\/\\\/elsecom.com\\\/portal\\\/\"},{\"@type\":\"ListItem\",\"position\":2,\"name\":\"ACCUEIL\"}]},{\"@type\":\"WebSite\",\"@id\":\"https:\\\/\\\/elsecom.com\\\/portal\\\/#website\",\"url\":\"https:\\\/\\\/elsecom.com\\\/portal\\\/\",\"name\":\"Groupe ELSECOM\",\"description\":\"Entreprise de vente et de location de v\u00e9hicules et de service informatique\",\"publisher\":{\"@id\":\"https:\\\/\\\/elsecom.com\\\/portal\\\/#organization\"},\"potentialAction\":[{\"@type\":\"SearchAction\",\"target\":{\"@type\":\"EntryPoint\",\"urlTemplate\":\"https:\\\/\\\/elsecom.com\\\/portal\\\/?s={search_term_string}\"},\"query-input\":{\"@type\":\"PropertyValueSpecification\",\"valueRequired\":true,\"valueName\":\"search_term_string\"}}],\"inLanguage\":\"fr-FR\"},{\"@type\":\"Organization\",\"@id\":\"https:\\\/\\\/elsecom.com\\\/portal\\\/#organization\",\"name\":\"SPA ELSECOM\",\"url\":\"https:\\\/\\\/elsecom.com\\\/portal\\\/\",\"logo\":{\"@type\":\"ImageObject\",\"inLanguage\":\"fr-FR\",\"@id\":\"https:\\\/\\\/elsecom.com\\\/portal\\\/#\\\/schema\\\/logo\\\/image\\\/\",\"url\":\"https:\\\/\\\/elsecom.com\\\/portal\\\/wp-content\\\/uploads\\\/2018\\\/07\\\/LOGO2012.jpg\",\"contentUrl\":\"https:\\\/\\\/elsecom.com\\\/portal\\\/wp-content\\\/uploads\\\/2018\\\/07\\\/LOGO2012.jpg\",\"width\":229,\"height\":47,\"caption\":\"SPA ELSECOM\"},\"image\":{\"@id\":\"https:\\\/\\\/elsecom.com\\\/portal\\\/#\\\/schema\\\/logo\\\/image\\\/\"}}]}<\/script>\n<!-- \/ Yoast SEO plugin. -->","yoast_head_json":{"title":"ACCUEIL - Groupe ELSECOM","description":"elsecom atelier piece de rechange sav location v\u00e9hicule voiture alg\u00e9rie alger","robots":{"index":"index","follow":"follow","max-snippet":"max-snippet:-1","max-image-preview":"max-image-preview:large","max-video-preview":"max-video-preview:-1"},"canonical":"https:\/\/elsecom.com\/portal\/","og_locale":"fr_FR","og_type":"article","og_title":"ACCUEIL - Groupe ELSECOM","og_description":"elsecom atelier piece de rechange sav location v\u00e9hicule voiture alg\u00e9rie alger","og_url":"https:\/\/elsecom.com\/portal\/","og_site_name":"Groupe ELSECOM","article_modified_time":"2022-06-09T10:57:51+00:00","twitter_card":"summary_large_image","twitter_misc":{"Dur\u00e9e de lecture estim\u00e9e":"4 minutes"},"schema":{"@context":"https:\/\/schema.org","@graph":[{"@type":"WebPage","@id":"https:\/\/elsecom.com\/portal\/","url":"https:\/\/elsecom.com\/portal\/","name":"ACCUEIL - Groupe ELSECOM","isPartOf":{"@id":"https:\/\/elsecom.com\/portal\/#website"},"datePublished":"2018-07-15T17:36:51+00:00","dateModified":"2022-06-09T10:57:51+00:00","description":"elsecom atelier piece de rechange sav location v\u00e9hicule voiture alg\u00e9rie alger","breadcrumb":{"@id":"https:\/\/elsecom.com\/portal\/#breadcrumb"},"inLanguage":"fr-FR","potentialAction":[{"@type":"ReadAction","target":["https:\/\/elsecom.com\/portal\/"]}]},{"@type":"BreadcrumbList","@id":"https:\/\/elsecom.com\/portal\/#breadcrumb","itemListElement":[{"@type":"ListItem","position":1,"name":"Accueil","item":"https:\/\/elsecom.com\/portal\/"},{"@type":"ListItem","position":2,"name":"ACCUEIL"}]},{"@type":"WebSite","@id":"https:\/\/elsecom.com\/portal\/#website","url":"https:\/\/elsecom.com\/portal\/","name":"Groupe ELSECOM","description":"Entreprise de vente et de location de v\u00e9hicules et de service informatique","publisher":{"@id":"https:\/\/elsecom.com\/portal\/#organization"},"potentialAction":[{"@type":"SearchAction","target":{"@type":"EntryPoint","urlTemplate":"https:\/\/elsecom.com\/portal\/?s={search_term_string}"},"query-input":{"@type":"PropertyValueSpecification","valueRequired":true,"valueName":"search_term_string"}}],"inLanguage":"fr-FR"},{"@type":"Organization","@id":"https:\/\/elsecom.com\/portal\/#organization","name":"SPA ELSECOM","url":"https:\/\/elsecom.com\/portal\/","logo":{"@type":"ImageObject","inLanguage":"fr-FR","@id":"https:\/\/elsecom.com\/portal\/#\/schema\/logo\/image\/","url":"https:\/\/elsecom.com\/portal\/wp-content\/uploads\/2018\/07\/LOGO2012.jpg","contentUrl":"https:\/\/elsecom.com\/portal\/wp-content\/uploads\/2018\/07\/LOGO2012.jpg","width":229,"height":47,"caption":"SPA ELSECOM"},"image":{"@id":"https:\/\/elsecom.com\/portal\/#\/schema\/logo\/image\/"}}]}},"_links":{"self":[{"href":"https:\/\/elsecom.com\/portal\/wp-json\/wp\/v2\/pages\/5","targetHints":{"allow":["GET"]}}],"collection":[{"href":"https:\/\/elsecom.com\/portal\/wp-json\/wp\/v2\/pages"}],"about":[{"href":"https:\/\/elsecom.com\/portal\/wp-json\/wp\/v2\/types\/page"}],"author":[{"embeddable":true,"href":"https:\/\/elsecom.com\/portal\/wp-json\/wp\/v2\/users\/1"}],"replies":[{"embeddable":true,"href":"https:\/\/elsecom.com\/portal\/wp-json\/wp\/v2\/comments?post=5"}],"version-history":[{"count":119,"href":"https:\/\/elsecom.com\/portal\/wp-json\/wp\/v2\/pages\/5\/revisions"}],"predecessor-version":[{"id":1889,"href":"https:\/\/elsecom.com\/portal\/wp-json\/wp\/v2\/pages\/5\/revisions\/1889"}],"wp:attachment":[{"href":"https:\/\/elsecom.com\/portal\/wp-json\/wp\/v2\/media?parent=5"}],"curies":[{"name":"wp","href":"https:\/\/api.w.org\/{rel}","templated":true}]}}